{"id":5474,"date":"2019-10-10T15:20:46","date_gmt":"2019-10-10T18:20:46","guid":{"rendered":"http:\/\/emaklabin.org.br\/explore\/?page_id=5474"},"modified":"2019-10-23T16:33:17","modified_gmt":"2019-10-23T18:33:17","slug":"sobre","status":"publish","type":"page","link":"https:\/\/emaklabin.org.br\/explore\/sobre\/","title":{"rendered":"Sobre"},"content":{"rendered":"\n<h2 class=\"wp-block-heading\" style=\"text-align:left\"> A ferramenta digital de consulta \u00e0 Cole\u00e7\u00e3o Ema Klabin \u2013 <strong>Explore!\u00a0<\/strong>\u2013 \u00e9 mais uma facilidade que a Casa-Museu oferece ao p\u00fablico em geral e pesquisadores. <\/h2>\n\n\n\n<p>Por meio dela, \u00e9 poss\u00edvel ter acesso r\u00e1pido e f\u00e1cil a todas as suas 1.660 obras e conhecer melhor os ambientes da casa e os n\u00facleos da cole\u00e7\u00e3o.<\/p>\n\n\n\n<p>Utilizando a plataforma Elucid\u00e1rio.art, desenvolvida por Henrique Godinho (Coordenador de Comunica\u00e7\u00e3o da Funda\u00e7\u00e3o Ema Klabin), a ferramenta \u2013 lan\u00e7ada em vers\u00e3o beta \u2013 busca ampliar e democratizar o acesso \u00e0 Casa-Museu.<\/p>\n\n\n\n<p>Explore! ter\u00e1 desenvolvimento cont\u00ednuo, com aprimoramento de conte\u00fado, usabilidade e navega\u00e7\u00e3o. Todos os usu\u00e1rios s\u00e3o convidados a contribuir com seus coment\u00e1rios e sugest\u00f5es.<\/p>\n","protected":false},"excerpt":{"rendered":"<p>A ferramenta digital de consulta \u00e0 Cole\u00e7\u00e3o Ema Klabin \u2013 Explore!\u00a0\u2013 \u00e9 mais uma facilidade que a Casa-Museu oferece ao p\u00fablico em geral e pesquisadores. Por meio dela, \u00e9 poss\u00edvel ter acesso r\u00e1pido e f\u00e1cil a todas as suas 1.660 obras e conhecer melhor os ambientes da casa e os n\u00facleos da cole\u00e7\u00e3o. Utilizando a [&hellip;]<\/p>\n","protected":false},"author":1,"featured_media":0,"parent":0,"menu_order":0,"comment_status":"closed","ping_status":"closed","template":"","meta":{"_exactmetrics_skip_tracking":false,"_exactmetrics_sitenote_active":false,"_exactmetrics_sitenote_note":"","_exactmetrics_sitenote_category":0,"footnotes":""},"class_list":["post-5474","page","type-page","status-publish","hentry"],"yoast_head":"<!-- This site is optimized with the Yoast SEO plugin v27.5 - https:\/\/yoast.com\/product\/yoast-seo-wordpress\/ -->\n<title>Sobre - Explore<\/title>\n<meta name=\"robots\" content=\"index, follow, max-snippet:-1, max-image-preview:large, max-video-preview:-1\" \/>\n<link rel=\"canonical\" href=\"https:\/\/emaklabin.org.br\/explore\/sobre\/\" \/>\n<meta property=\"og:locale\" content=\"pt_BR\" \/>\n<meta property=\"og:type\" content=\"article\" \/>\n<meta property=\"og:title\" content=\"Sobre - Explore\" \/>\n<meta property=\"og:description\" content=\"A ferramenta digital de consulta \u00e0 Cole\u00e7\u00e3o Ema Klabin \u2013 Explore!\u00a0\u2013 \u00e9 mais uma facilidade que a Casa-Museu oferece ao p\u00fablico em geral e pesquisadores. Por meio dela, \u00e9 poss\u00edvel ter acesso r\u00e1pido e f\u00e1cil a todas as suas 1.660 obras e conhecer melhor os ambientes da casa e os n\u00facleos da cole\u00e7\u00e3o. Utilizando a [&hellip;]\" \/>\n<meta property=\"og:url\" content=\"https:\/\/emaklabin.org.br\/explore\/sobre\/\" \/>\n<meta property=\"og:site_name\" content=\"Explore\" \/>\n<meta property=\"article:modified_time\" content=\"2019-10-23T18:33:17+00:00\" \/>\n<meta name=\"twitter:card\" content=\"summary_large_image\" \/>\n<meta name=\"twitter:label1\" content=\"Est. tempo de leitura\" \/>\n\t<meta name=\"twitter:data1\" content=\"1 minuto\" \/>\n<script type=\"application\/ld+json\" class=\"yoast-schema-graph\">{\"@context\":\"https:\\\/\\\/schema.org\",\"@graph\":[{\"@type\":\"WebPage\",\"@id\":\"https:\\\/\\\/emaklabin.org.br\\\/explore\\\/sobre\\\/\",\"url\":\"https:\\\/\\\/emaklabin.org.br\\\/explore\\\/sobre\\\/\",\"name\":\"Sobre - Explore\",\"isPartOf\":{\"@id\":\"https:\\\/\\\/emaklabin.org.br\\\/explore\\\/#website\"},\"datePublished\":\"2019-10-10T18:20:46+00:00\",\"dateModified\":\"2019-10-23T18:33:17+00:00\",\"breadcrumb\":{\"@id\":\"https:\\\/\\\/emaklabin.org.br\\\/explore\\\/sobre\\\/#breadcrumb\"},\"inLanguage\":\"pt-BR\",\"potentialAction\":[{\"@type\":\"ReadAction\",\"target\":[\"https:\\\/\\\/emaklabin.org.br\\\/explore\\\/sobre\\\/\"]}]},{\"@type\":\"BreadcrumbList\",\"@id\":\"https:\\\/\\\/emaklabin.org.br\\\/explore\\\/sobre\\\/#breadcrumb\",\"itemListElement\":[{\"@type\":\"ListItem\",\"position\":1,\"name\":\"In\u00edcio\",\"item\":\"https:\\\/\\\/emaklabin.org.br\\\/explore\\\/\"},{\"@type\":\"ListItem\",\"position\":2,\"name\":\"Sobre\"}]},{\"@type\":\"WebSite\",\"@id\":\"https:\\\/\\\/emaklabin.org.br\\\/explore\\\/#website\",\"url\":\"https:\\\/\\\/emaklabin.org.br\\\/explore\\\/\",\"name\":\"Explore! Funda\u00e7\u00e3o Ema Klabin\",\"description\":\"Descubra a Cole\u00e7\u00e3o Ema Klabin\",\"potentialAction\":[{\"@type\":\"SearchAction\",\"target\":{\"@type\":\"EntryPoint\",\"urlTemplate\":\"https:\\\/\\\/emaklabin.org.br\\\/explore\\\/?s={search_term_string}\"},\"query-input\":{\"@type\":\"PropertyValueSpecification\",\"valueRequired\":true,\"valueName\":\"search_term_string\"}}],\"inLanguage\":\"pt-BR\"}]}<\/script>\n<!-- \/ Yoast SEO plugin. -->","yoast_head_json":{"title":"Sobre - Explore","robots":{"index":"index","follow":"follow","max-snippet":"max-snippet:-1","max-image-preview":"max-image-preview:large","max-video-preview":"max-video-preview:-1"},"canonical":"https:\/\/emaklabin.org.br\/explore\/sobre\/","og_locale":"pt_BR","og_type":"article","og_title":"Sobre - Explore","og_description":"A ferramenta digital de consulta \u00e0 Cole\u00e7\u00e3o Ema Klabin \u2013 Explore!\u00a0\u2013 \u00e9 mais uma facilidade que a Casa-Museu oferece ao p\u00fablico em geral e pesquisadores. Por meio dela, \u00e9 poss\u00edvel ter acesso r\u00e1pido e f\u00e1cil a todas as suas 1.660 obras e conhecer melhor os ambientes da casa e os n\u00facleos da cole\u00e7\u00e3o. Utilizando a [&hellip;]","og_url":"https:\/\/emaklabin.org.br\/explore\/sobre\/","og_site_name":"Explore","article_modified_time":"2019-10-23T18:33:17+00:00","twitter_card":"summary_large_image","twitter_misc":{"Est. tempo de leitura":"1 minuto"},"schema":{"@context":"https:\/\/schema.org","@graph":[{"@type":"WebPage","@id":"https:\/\/emaklabin.org.br\/explore\/sobre\/","url":"https:\/\/emaklabin.org.br\/explore\/sobre\/","name":"Sobre - Explore","isPartOf":{"@id":"https:\/\/emaklabin.org.br\/explore\/#website"},"datePublished":"2019-10-10T18:20:46+00:00","dateModified":"2019-10-23T18:33:17+00:00","breadcrumb":{"@id":"https:\/\/emaklabin.org.br\/explore\/sobre\/#breadcrumb"},"inLanguage":"pt-BR","potentialAction":[{"@type":"ReadAction","target":["https:\/\/emaklabin.org.br\/explore\/sobre\/"]}]},{"@type":"BreadcrumbList","@id":"https:\/\/emaklabin.org.br\/explore\/sobre\/#breadcrumb","itemListElement":[{"@type":"ListItem","position":1,"name":"In\u00edcio","item":"https:\/\/emaklabin.org.br\/explore\/"},{"@type":"ListItem","position":2,"name":"Sobre"}]},{"@type":"WebSite","@id":"https:\/\/emaklabin.org.br\/explore\/#website","url":"https:\/\/emaklabin.org.br\/explore\/","name":"Explore! Funda\u00e7\u00e3o Ema Klabin","description":"Descubra a Cole\u00e7\u00e3o Ema Klabin","potentialAction":[{"@type":"SearchAction","target":{"@type":"EntryPoint","urlTemplate":"https:\/\/emaklabin.org.br\/explore\/?s={search_term_string}"},"query-input":{"@type":"PropertyValueSpecification","valueRequired":true,"valueName":"search_term_string"}}],"inLanguage":"pt-BR"}]}},"meta_box":[],"_links":{"self":[{"href":"https:\/\/emaklabin.org.br\/explore\/wp-json\/wp\/v2\/pages\/5474","targetHints":{"allow":["GET"]}}],"collection":[{"href":"https:\/\/emaklabin.org.br\/explore\/wp-json\/wp\/v2\/pages"}],"about":[{"href":"https:\/\/emaklabin.org.br\/explore\/wp-json\/wp\/v2\/types\/page"}],"author":[{"embeddable":true,"href":"https:\/\/emaklabin.org.br\/explore\/wp-json\/wp\/v2\/users\/1"}],"replies":[{"embeddable":true,"href":"https:\/\/emaklabin.org.br\/explore\/wp-json\/wp\/v2\/comments?post=5474"}],"version-history":[{"count":0,"href":"https:\/\/emaklabin.org.br\/explore\/wp-json\/wp\/v2\/pages\/5474\/revisions"}],"wp:attachment":[{"href":"https:\/\/emaklabin.org.br\/explore\/wp-json\/wp\/v2\/media?parent=5474"}],"curies":[{"name":"wp","href":"https:\/\/api.w.org\/{rel}","templated":true}]}}